{"id":1065,"date":"2017-01-18T10:08:15","date_gmt":"2017-01-18T08:08:15","guid":{"rendered":"http:\/\/www.geoart.com.tr\/fore-kazik"},"modified":"2018-06-20T15:59:41","modified_gmt":"2018-06-20T12:59:41","slug":"bored-pile","status":"publish","type":"page","link":"https:\/\/www.geoart.com.tr\/en\/bored-pile","title":{"rendered":"Bored Pile"},"content":{"rendered":"","protected":false},"excerpt":{"rendered":"","protected":false},"author":1,"featured_media":0,"parent":0,"menu_order":0,"comment_status":"open","ping_status":"open","template":"","meta":{"rs_blank_template":"","rs_page_bg_color":"","slide_template_v7":"","footnotes":""},"class_list":["post-1065","page","type-page","status-publish","hentry"],"yoast_head":"<!-- This site is optimized with the Yoast SEO plugin v27.4 - https:\/\/yoast.com\/product\/yoast-seo-wordpress\/ -->\n<title>Bored Pile - Geoart<\/title>\n<meta name=\"description\" content=\"Ta\u015f\u0131ma kapasitesi d\u00fc\u015f\u00fck olan zeminlerde bina y\u00fck\u00fcn\u00fc sa\u011flam zemine ta\u015f\u0131tmak amac\u0131yla yap\u0131lan kaz\u0131klard\u0131r. Bu kaz\u0131klar sondaj kaz\u0131klar\u0131 olup\" \/>\n<meta name=\"robots\" content=\"index, follow, max-snippet:-1, max-image-preview:large, max-video-preview:-1\" \/>\n<link rel=\"canonical\" href=\"https:\/\/www.geoart.com.tr\/en\/bored-pile\" \/>\n<meta property=\"og:locale\" content=\"en_US\" \/>\n<meta property=\"og:type\" content=\"article\" \/>\n<meta property=\"og:title\" content=\"Bored Pile - Geoart\" \/>\n<meta property=\"og:description\" content=\"Ta\u015f\u0131ma kapasitesi d\u00fc\u015f\u00fck olan zeminlerde bina y\u00fck\u00fcn\u00fc sa\u011flam zemine ta\u015f\u0131tmak amac\u0131yla yap\u0131lan kaz\u0131klard\u0131r. Bu kaz\u0131klar sondaj kaz\u0131klar\u0131 olup\" \/>\n<meta property=\"og:url\" content=\"https:\/\/www.geoart.com.tr\/en\/bored-pile\" \/>\n<meta property=\"og:site_name\" content=\"Geoart\" \/>\n<meta property=\"article:publisher\" content=\"https:\/\/www.facebook.com\/Geoart-Geosentetik-264842893583980\/\" \/>\n<meta property=\"article:modified_time\" content=\"2018-06-20T12:59:41+00:00\" \/>\n<meta name=\"twitter:card\" content=\"summary_large_image\" \/>\n<meta name=\"twitter:site\" content=\"@geoartcomtr\" \/>\n<script type=\"application\/ld+json\" class=\"yoast-schema-graph\">{\"@context\":\"https:\\\/\\\/schema.org\",\"@graph\":[{\"@type\":\"WebPage\",\"@id\":\"https:\\\/\\\/www.geoart.com.tr\\\/en\\\/bored-pile\",\"url\":\"https:\\\/\\\/www.geoart.com.tr\\\/en\\\/bored-pile\",\"name\":\"Bored Pile - Geoart\",\"isPartOf\":{\"@id\":\"https:\\\/\\\/www.geoart.com.tr\\\/#website\"},\"datePublished\":\"2017-01-18T08:08:15+00:00\",\"dateModified\":\"2018-06-20T12:59:41+00:00\",\"description\":\"Ta\u015f\u0131ma kapasitesi d\u00fc\u015f\u00fck olan zeminlerde bina y\u00fck\u00fcn\u00fc sa\u011flam zemine ta\u015f\u0131tmak amac\u0131yla yap\u0131lan kaz\u0131klard\u0131r. Bu kaz\u0131klar sondaj kaz\u0131klar\u0131 olup\",\"breadcrumb\":{\"@id\":\"https:\\\/\\\/www.geoart.com.tr\\\/en\\\/bored-pile#breadcrumb\"},\"inLanguage\":\"en-US\",\"potentialAction\":[{\"@type\":\"ReadAction\",\"target\":[\"https:\\\/\\\/www.geoart.com.tr\\\/en\\\/bored-pile\"]}]},{\"@type\":\"BreadcrumbList\",\"@id\":\"https:\\\/\\\/www.geoart.com.tr\\\/en\\\/bored-pile#breadcrumb\",\"itemListElement\":[{\"@type\":\"ListItem\",\"position\":1,\"name\":\"Ana sayfa\",\"item\":\"https:\\\/\\\/www.geoart.com.tr\\\/en\"},{\"@type\":\"ListItem\",\"position\":2,\"name\":\"Bored Pile\"}]},{\"@type\":\"WebSite\",\"@id\":\"https:\\\/\\\/www.geoart.com.tr\\\/#website\",\"url\":\"https:\\\/\\\/www.geoart.com.tr\\\/\",\"name\":\"Geoart\",\"description\":\"\",\"publisher\":{\"@id\":\"https:\\\/\\\/www.geoart.com.tr\\\/#organization\"},\"potentialAction\":[{\"@type\":\"SearchAction\",\"target\":{\"@type\":\"EntryPoint\",\"urlTemplate\":\"https:\\\/\\\/www.geoart.com.tr\\\/?s={search_term_string}\"},\"query-input\":{\"@type\":\"PropertyValueSpecification\",\"valueRequired\":true,\"valueName\":\"search_term_string\"}}],\"inLanguage\":\"en-US\"},{\"@type\":\"Organization\",\"@id\":\"https:\\\/\\\/www.geoart.com.tr\\\/#organization\",\"name\":\"Geoart\",\"url\":\"https:\\\/\\\/www.geoart.com.tr\\\/\",\"logo\":{\"@type\":\"ImageObject\",\"inLanguage\":\"en-US\",\"@id\":\"https:\\\/\\\/www.geoart.com.tr\\\/#\\\/schema\\\/logo\\\/image\\\/\",\"url\":\"https:\\\/\\\/www.geoart.com.tr\\\/wp-content\\\/uploads\\\/2015\\\/01\\\/geoartlogo3.jpg\",\"contentUrl\":\"https:\\\/\\\/www.geoart.com.tr\\\/wp-content\\\/uploads\\\/2015\\\/01\\\/geoartlogo3.jpg\",\"width\":300,\"height\":100,\"caption\":\"Geoart\"},\"image\":{\"@id\":\"https:\\\/\\\/www.geoart.com.tr\\\/#\\\/schema\\\/logo\\\/image\\\/\"},\"sameAs\":[\"https:\\\/\\\/www.facebook.com\\\/Geoart-Geosentetik-264842893583980\\\/\",\"https:\\\/\\\/x.com\\\/geoartcomtr\",\"https:\\\/\\\/www.instagram.com\\\/geoartcomtr\\\/\",\"https:\\\/\\\/www.linkedin.com\\\/company\\\/geoart-geosentetik-ltd.-ti.\\\/\"]}]}<\/script>\n<!-- \/ Yoast SEO plugin. -->","yoast_head_json":{"title":"Bored Pile - Geoart","description":"Ta\u015f\u0131ma kapasitesi d\u00fc\u015f\u00fck olan zeminlerde bina y\u00fck\u00fcn\u00fc sa\u011flam zemine ta\u015f\u0131tmak amac\u0131yla yap\u0131lan kaz\u0131klard\u0131r. Bu kaz\u0131klar sondaj kaz\u0131klar\u0131 olup","robots":{"index":"index","follow":"follow","max-snippet":"max-snippet:-1","max-image-preview":"max-image-preview:large","max-video-preview":"max-video-preview:-1"},"canonical":"https:\/\/www.geoart.com.tr\/en\/bored-pile","og_locale":"en_US","og_type":"article","og_title":"Bored Pile - Geoart","og_description":"Ta\u015f\u0131ma kapasitesi d\u00fc\u015f\u00fck olan zeminlerde bina y\u00fck\u00fcn\u00fc sa\u011flam zemine ta\u015f\u0131tmak amac\u0131yla yap\u0131lan kaz\u0131klard\u0131r. Bu kaz\u0131klar sondaj kaz\u0131klar\u0131 olup","og_url":"https:\/\/www.geoart.com.tr\/en\/bored-pile","og_site_name":"Geoart","article_publisher":"https:\/\/www.facebook.com\/Geoart-Geosentetik-264842893583980\/","article_modified_time":"2018-06-20T12:59:41+00:00","twitter_card":"summary_large_image","twitter_site":"@geoartcomtr","schema":{"@context":"https:\/\/schema.org","@graph":[{"@type":"WebPage","@id":"https:\/\/www.geoart.com.tr\/en\/bored-pile","url":"https:\/\/www.geoart.com.tr\/en\/bored-pile","name":"Bored Pile - Geoart","isPartOf":{"@id":"https:\/\/www.geoart.com.tr\/#website"},"datePublished":"2017-01-18T08:08:15+00:00","dateModified":"2018-06-20T12:59:41+00:00","description":"Ta\u015f\u0131ma kapasitesi d\u00fc\u015f\u00fck olan zeminlerde bina y\u00fck\u00fcn\u00fc sa\u011flam zemine ta\u015f\u0131tmak amac\u0131yla yap\u0131lan kaz\u0131klard\u0131r. Bu kaz\u0131klar sondaj kaz\u0131klar\u0131 olup","breadcrumb":{"@id":"https:\/\/www.geoart.com.tr\/en\/bored-pile#breadcrumb"},"inLanguage":"en-US","potentialAction":[{"@type":"ReadAction","target":["https:\/\/www.geoart.com.tr\/en\/bored-pile"]}]},{"@type":"BreadcrumbList","@id":"https:\/\/www.geoart.com.tr\/en\/bored-pile#breadcrumb","itemListElement":[{"@type":"ListItem","position":1,"name":"Ana sayfa","item":"https:\/\/www.geoart.com.tr\/en"},{"@type":"ListItem","position":2,"name":"Bored Pile"}]},{"@type":"WebSite","@id":"https:\/\/www.geoart.com.tr\/#website","url":"https:\/\/www.geoart.com.tr\/","name":"Geoart","description":"","publisher":{"@id":"https:\/\/www.geoart.com.tr\/#organization"},"potentialAction":[{"@type":"SearchAction","target":{"@type":"EntryPoint","urlTemplate":"https:\/\/www.geoart.com.tr\/?s={search_term_string}"},"query-input":{"@type":"PropertyValueSpecification","valueRequired":true,"valueName":"search_term_string"}}],"inLanguage":"en-US"},{"@type":"Organization","@id":"https:\/\/www.geoart.com.tr\/#organization","name":"Geoart","url":"https:\/\/www.geoart.com.tr\/","logo":{"@type":"ImageObject","inLanguage":"en-US","@id":"https:\/\/www.geoart.com.tr\/#\/schema\/logo\/image\/","url":"https:\/\/www.geoart.com.tr\/wp-content\/uploads\/2015\/01\/geoartlogo3.jpg","contentUrl":"https:\/\/www.geoart.com.tr\/wp-content\/uploads\/2015\/01\/geoartlogo3.jpg","width":300,"height":100,"caption":"Geoart"},"image":{"@id":"https:\/\/www.geoart.com.tr\/#\/schema\/logo\/image\/"},"sameAs":["https:\/\/www.facebook.com\/Geoart-Geosentetik-264842893583980\/","https:\/\/x.com\/geoartcomtr","https:\/\/www.instagram.com\/geoartcomtr\/","https:\/\/www.linkedin.com\/company\/geoart-geosentetik-ltd.-ti.\/"]}]}},"_links":{"self":[{"href":"https:\/\/www.geoart.com.tr\/en\/wp-json\/wp\/v2\/pages\/1065","targetHints":{"allow":["GET"]}}],"collection":[{"href":"https:\/\/www.geoart.com.tr\/en\/wp-json\/wp\/v2\/pages"}],"about":[{"href":"https:\/\/www.geoart.com.tr\/en\/wp-json\/wp\/v2\/types\/page"}],"author":[{"embeddable":true,"href":"https:\/\/www.geoart.com.tr\/en\/wp-json\/wp\/v2\/users\/1"}],"replies":[{"embeddable":true,"href":"https:\/\/www.geoart.com.tr\/en\/wp-json\/wp\/v2\/comments?post=1065"}],"version-history":[{"count":0,"href":"https:\/\/www.geoart.com.tr\/en\/wp-json\/wp\/v2\/pages\/1065\/revisions"}],"wp:attachment":[{"href":"https:\/\/www.geoart.com.tr\/en\/wp-json\/wp\/v2\/media?parent=1065"}],"curies":[{"name":"wp","href":"https:\/\/api.w.org\/{rel}","templated":true}]}}