{"id":1083,"date":"2017-01-18T09:42:17","date_gmt":"2017-01-18T07:42:17","guid":{"rendered":"http:\/\/www.geoart.com.tr\/moduler-yesil-duvar-uygulamasi"},"modified":"2018-06-21T11:01:50","modified_gmt":"2018-06-21T08:01:50","slug":"modular-green-wall-application","status":"publish","type":"page","link":"https:\/\/www.geoart.com.tr\/en\/modular-green-wall-application","title":{"rendered":"Modular Green Wall Application"},"content":{"rendered":"","protected":false},"excerpt":{"rendered":"","protected":false},"author":1,"featured_media":0,"parent":0,"menu_order":0,"comment_status":"open","ping_status":"open","template":"","meta":{"rs_blank_template":"","rs_page_bg_color":"","slide_template_v7":"","footnotes":""},"class_list":["post-1083","page","type-page","status-publish","hentry"],"yoast_head":"<!-- This site is optimized with the Yoast SEO plugin v27.4 - https:\/\/yoast.com\/product\/yoast-seo-wordpress\/ -->\n<title>Modular Green Wall Application - Geoart<\/title>\n<meta name=\"description\" content=\"Mod\u00fcler \u00f6n y\u00fcz\u00fc bitkilendirilmi\u015f Ye\u015fil Duvar Uygulamas\u0131, (MSE duvar olarak da bilinir) ve yol dolgular\u0131 olu\u015fturmak i\u00e7in kullan\u0131lan \u00e7evre dostu bi sistemdir.\" \/>\n<meta name=\"robots\" content=\"index, follow, max-snippet:-1, max-image-preview:large, max-video-preview:-1\" \/>\n<link rel=\"canonical\" href=\"https:\/\/www.geoart.com.tr\/en\/modular-green-wall-application\" \/>\n<meta property=\"og:locale\" content=\"en_US\" \/>\n<meta property=\"og:type\" content=\"article\" \/>\n<meta property=\"og:title\" content=\"Modular Green Wall Application - Geoart\" \/>\n<meta property=\"og:description\" content=\"Mod\u00fcler \u00f6n y\u00fcz\u00fc bitkilendirilmi\u015f Ye\u015fil Duvar Uygulamas\u0131, (MSE duvar olarak da bilinir) ve yol dolgular\u0131 olu\u015fturmak i\u00e7in kullan\u0131lan \u00e7evre dostu bi sistemdir.\" \/>\n<meta property=\"og:url\" content=\"https:\/\/www.geoart.com.tr\/en\/modular-green-wall-application\" \/>\n<meta property=\"og:site_name\" content=\"Geoart\" \/>\n<meta property=\"article:publisher\" content=\"https:\/\/www.facebook.com\/Geoart-Geosentetik-264842893583980\/\" \/>\n<meta property=\"article:modified_time\" content=\"2018-06-21T08:01:50+00:00\" \/>\n<meta name=\"twitter:card\" content=\"summary_large_image\" \/>\n<meta name=\"twitter:site\" content=\"@geoartcomtr\" \/>\n<script type=\"application\/ld+json\" class=\"yoast-schema-graph\">{\"@context\":\"https:\\\/\\\/schema.org\",\"@graph\":[{\"@type\":\"WebPage\",\"@id\":\"https:\\\/\\\/www.geoart.com.tr\\\/en\\\/modular-green-wall-application\",\"url\":\"https:\\\/\\\/www.geoart.com.tr\\\/en\\\/modular-green-wall-application\",\"name\":\"Modular Green Wall Application - Geoart\",\"isPartOf\":{\"@id\":\"https:\\\/\\\/www.geoart.com.tr\\\/#website\"},\"datePublished\":\"2017-01-18T07:42:17+00:00\",\"dateModified\":\"2018-06-21T08:01:50+00:00\",\"description\":\"Mod\u00fcler \u00f6n y\u00fcz\u00fc bitkilendirilmi\u015f Ye\u015fil Duvar Uygulamas\u0131, (MSE duvar olarak da bilinir) ve yol dolgular\u0131 olu\u015fturmak i\u00e7in kullan\u0131lan \u00e7evre dostu bi sistemdir.\",\"breadcrumb\":{\"@id\":\"https:\\\/\\\/www.geoart.com.tr\\\/en\\\/modular-green-wall-application#breadcrumb\"},\"inLanguage\":\"en-US\",\"potentialAction\":[{\"@type\":\"ReadAction\",\"target\":[\"https:\\\/\\\/www.geoart.com.tr\\\/en\\\/modular-green-wall-application\"]}]},{\"@type\":\"BreadcrumbList\",\"@id\":\"https:\\\/\\\/www.geoart.com.tr\\\/en\\\/modular-green-wall-application#breadcrumb\",\"itemListElement\":[{\"@type\":\"ListItem\",\"position\":1,\"name\":\"Ana sayfa\",\"item\":\"https:\\\/\\\/www.geoart.com.tr\\\/en\"},{\"@type\":\"ListItem\",\"position\":2,\"name\":\"Modular Green Wall Application\"}]},{\"@type\":\"WebSite\",\"@id\":\"https:\\\/\\\/www.geoart.com.tr\\\/#website\",\"url\":\"https:\\\/\\\/www.geoart.com.tr\\\/\",\"name\":\"Geoart\",\"description\":\"\",\"publisher\":{\"@id\":\"https:\\\/\\\/www.geoart.com.tr\\\/#organization\"},\"potentialAction\":[{\"@type\":\"SearchAction\",\"target\":{\"@type\":\"EntryPoint\",\"urlTemplate\":\"https:\\\/\\\/www.geoart.com.tr\\\/?s={search_term_string}\"},\"query-input\":{\"@type\":\"PropertyValueSpecification\",\"valueRequired\":true,\"valueName\":\"search_term_string\"}}],\"inLanguage\":\"en-US\"},{\"@type\":\"Organization\",\"@id\":\"https:\\\/\\\/www.geoart.com.tr\\\/#organization\",\"name\":\"Geoart\",\"url\":\"https:\\\/\\\/www.geoart.com.tr\\\/\",\"logo\":{\"@type\":\"ImageObject\",\"inLanguage\":\"en-US\",\"@id\":\"https:\\\/\\\/www.geoart.com.tr\\\/#\\\/schema\\\/logo\\\/image\\\/\",\"url\":\"https:\\\/\\\/www.geoart.com.tr\\\/wp-content\\\/uploads\\\/2015\\\/01\\\/geoartlogo3.jpg\",\"contentUrl\":\"https:\\\/\\\/www.geoart.com.tr\\\/wp-content\\\/uploads\\\/2015\\\/01\\\/geoartlogo3.jpg\",\"width\":300,\"height\":100,\"caption\":\"Geoart\"},\"image\":{\"@id\":\"https:\\\/\\\/www.geoart.com.tr\\\/#\\\/schema\\\/logo\\\/image\\\/\"},\"sameAs\":[\"https:\\\/\\\/www.facebook.com\\\/Geoart-Geosentetik-264842893583980\\\/\",\"https:\\\/\\\/x.com\\\/geoartcomtr\",\"https:\\\/\\\/www.instagram.com\\\/geoartcomtr\\\/\",\"https:\\\/\\\/www.linkedin.com\\\/company\\\/geoart-geosentetik-ltd.-ti.\\\/\"]}]}<\/script>\n<!-- \/ Yoast SEO plugin. -->","yoast_head_json":{"title":"Modular Green Wall Application - Geoart","description":"Mod\u00fcler \u00f6n y\u00fcz\u00fc bitkilendirilmi\u015f Ye\u015fil Duvar Uygulamas\u0131, (MSE duvar olarak da bilinir) ve yol dolgular\u0131 olu\u015fturmak i\u00e7in kullan\u0131lan \u00e7evre dostu bi sistemdir.","robots":{"index":"index","follow":"follow","max-snippet":"max-snippet:-1","max-image-preview":"max-image-preview:large","max-video-preview":"max-video-preview:-1"},"canonical":"https:\/\/www.geoart.com.tr\/en\/modular-green-wall-application","og_locale":"en_US","og_type":"article","og_title":"Modular Green Wall Application - Geoart","og_description":"Mod\u00fcler \u00f6n y\u00fcz\u00fc bitkilendirilmi\u015f Ye\u015fil Duvar Uygulamas\u0131, (MSE duvar olarak da bilinir) ve yol dolgular\u0131 olu\u015fturmak i\u00e7in kullan\u0131lan \u00e7evre dostu bi sistemdir.","og_url":"https:\/\/www.geoart.com.tr\/en\/modular-green-wall-application","og_site_name":"Geoart","article_publisher":"https:\/\/www.facebook.com\/Geoart-Geosentetik-264842893583980\/","article_modified_time":"2018-06-21T08:01:50+00:00","twitter_card":"summary_large_image","twitter_site":"@geoartcomtr","schema":{"@context":"https:\/\/schema.org","@graph":[{"@type":"WebPage","@id":"https:\/\/www.geoart.com.tr\/en\/modular-green-wall-application","url":"https:\/\/www.geoart.com.tr\/en\/modular-green-wall-application","name":"Modular Green Wall Application - Geoart","isPartOf":{"@id":"https:\/\/www.geoart.com.tr\/#website"},"datePublished":"2017-01-18T07:42:17+00:00","dateModified":"2018-06-21T08:01:50+00:00","description":"Mod\u00fcler \u00f6n y\u00fcz\u00fc bitkilendirilmi\u015f Ye\u015fil Duvar Uygulamas\u0131, (MSE duvar olarak da bilinir) ve yol dolgular\u0131 olu\u015fturmak i\u00e7in kullan\u0131lan \u00e7evre dostu bi sistemdir.","breadcrumb":{"@id":"https:\/\/www.geoart.com.tr\/en\/modular-green-wall-application#breadcrumb"},"inLanguage":"en-US","potentialAction":[{"@type":"ReadAction","target":["https:\/\/www.geoart.com.tr\/en\/modular-green-wall-application"]}]},{"@type":"BreadcrumbList","@id":"https:\/\/www.geoart.com.tr\/en\/modular-green-wall-application#breadcrumb","itemListElement":[{"@type":"ListItem","position":1,"name":"Ana sayfa","item":"https:\/\/www.geoart.com.tr\/en"},{"@type":"ListItem","position":2,"name":"Modular Green Wall Application"}]},{"@type":"WebSite","@id":"https:\/\/www.geoart.com.tr\/#website","url":"https:\/\/www.geoart.com.tr\/","name":"Geoart","description":"","publisher":{"@id":"https:\/\/www.geoart.com.tr\/#organization"},"potentialAction":[{"@type":"SearchAction","target":{"@type":"EntryPoint","urlTemplate":"https:\/\/www.geoart.com.tr\/?s={search_term_string}"},"query-input":{"@type":"PropertyValueSpecification","valueRequired":true,"valueName":"search_term_string"}}],"inLanguage":"en-US"},{"@type":"Organization","@id":"https:\/\/www.geoart.com.tr\/#organization","name":"Geoart","url":"https:\/\/www.geoart.com.tr\/","logo":{"@type":"ImageObject","inLanguage":"en-US","@id":"https:\/\/www.geoart.com.tr\/#\/schema\/logo\/image\/","url":"https:\/\/www.geoart.com.tr\/wp-content\/uploads\/2015\/01\/geoartlogo3.jpg","contentUrl":"https:\/\/www.geoart.com.tr\/wp-content\/uploads\/2015\/01\/geoartlogo3.jpg","width":300,"height":100,"caption":"Geoart"},"image":{"@id":"https:\/\/www.geoart.com.tr\/#\/schema\/logo\/image\/"},"sameAs":["https:\/\/www.facebook.com\/Geoart-Geosentetik-264842893583980\/","https:\/\/x.com\/geoartcomtr","https:\/\/www.instagram.com\/geoartcomtr\/","https:\/\/www.linkedin.com\/company\/geoart-geosentetik-ltd.-ti.\/"]}]}},"_links":{"self":[{"href":"https:\/\/www.geoart.com.tr\/en\/wp-json\/wp\/v2\/pages\/1083","targetHints":{"allow":["GET"]}}],"collection":[{"href":"https:\/\/www.geoart.com.tr\/en\/wp-json\/wp\/v2\/pages"}],"about":[{"href":"https:\/\/www.geoart.com.tr\/en\/wp-json\/wp\/v2\/types\/page"}],"author":[{"embeddable":true,"href":"https:\/\/www.geoart.com.tr\/en\/wp-json\/wp\/v2\/users\/1"}],"replies":[{"embeddable":true,"href":"https:\/\/www.geoart.com.tr\/en\/wp-json\/wp\/v2\/comments?post=1083"}],"version-history":[{"count":0,"href":"https:\/\/www.geoart.com.tr\/en\/wp-json\/wp\/v2\/pages\/1083\/revisions"}],"wp:attachment":[{"href":"https:\/\/www.geoart.com.tr\/en\/wp-json\/wp\/v2\/media?parent=1083"}],"curies":[{"name":"wp","href":"https:\/\/api.w.org\/{rel}","templated":true}]}}